{"id":73,"date":"2022-03-15T10:25:08","date_gmt":"2022-03-15T09:25:08","guid":{"rendered":"https:\/\/congresogespon.webs.upv.es\/?page_id=73"},"modified":"2026-04-02T19:42:55","modified_gmt":"2026-04-02T17:42:55","slug":"inscripcion","status":"publish","type":"page","link":"https:\/\/congresogespon.webs.upv.es\/index.php\/inscripcion\/","title":{"rendered":"Inscripci\u00f3n"},"content":{"rendered":"\n<div class=\"wp-block-group has-base-2-background-color has-background has-global-padding is-layout-constrained wp-block-group-is-layout-constrained\" style=\"padding-top:var(--wp--preset--spacing--20);padding-bottom:var(--wp--preset--spacing--20);background-image:url(&apos;https:\/\/congresogespon.webs.upv.es\/wp-content\/uploads\/2026\/04\/Recurso-6.svg&apos;);background-size:cover;\">\n<div style=\"height:49px\" aria-hidden=\"true\" class=\"wp-block-spacer\"><\/div>\n\n\n\n<div class=\"wp-block-group alignwide is-vertical is-content-justification-center is-layout-flex wp-container-core-group-is-layout-ce155fab wp-block-group-is-layout-flex\">\n<p class=\"has-text-align-center has-acumin-pro-semicondensed-font-family\" style=\"font-size:clamp(1.87rem, 1.87rem + ((1vw - 0.2rem) * 2.333), 3.27rem);\">\u00daNETE AL CONGRESO<\/p>\n\n\n\n<p class=\"has-text-align-center\">Una vez pulse el bot\u00f3n ser\u00e1 redirigido al Centro de Formaci\u00f3n Permanente, rellene el formulario correspondiente.<\/p>\n<\/div>\n\n\n\n<div class=\"wp-block-group is-nowrap is-layout-flex wp-container-core-group-is-layout-6c531013 wp-block-group-is-layout-flex\">\n<div style=\"height:22px;width:0px\" aria-hidden=\"true\" class=\"wp-block-spacer wp-container-content-d62f4c8e\"><\/div>\n<\/div>\n\n\n\n<div class=\"wp-block-kadence-advancedbtn kb-buttons-wrap kb-btns73_5aa23d-6f\"><a class=\"kb-button kt-button button kb-btn73_357bb4-32 kt-btn-size-standard kt-btn-width-type-auto kb-btn-global-inherit  kt-btn-has-text-true kt-btn-has-svg-false  wp-block-button__link wp-block-kadence-singlebtn\" href=\"https:\/\/poseidon.cfp.upv.es\/portal-formacion\/alumno\/gestion_matricula.jsp?cid=104235&#038;idioma=es&#038;hash=9b4b9819c71e934b9e4e9c499b5cc71ec715c31b931fdd5c9e4a9e4a9e4a9e4e9763&#038;\" target=\"_blank\" rel=\"noreferrer noopener\"><span class=\"kt-btn-inner-text\">INSCRIPCI\u00d3N<\/span><\/a><\/div>\n\n\n\n<div style=\"height:22px\" aria-hidden=\"true\" class=\"wp-block-spacer\"><\/div>\n\n\n\n<div class=\"wp-block-kadence-accordion alignnone\"><div class=\"kt-accordion-wrap kt-accordion-id73_4890ad-cb kt-accordion-has-2-panes kt-active-pane-0 kt-accordion-block kt-pane-header-alignment-left kt-accodion-icon-style-basic kt-accodion-icon-side-right\" style=\"max-width:none\"><div class=\"kt-accordion-inner-wrap\" data-allow-multiple-open=\"false\" data-start-open=\"none\">\n<div class=\"wp-block-kadence-pane kt-accordion-pane kt-accordion-pane-1 kt-pane73_c448d3-6e\"><div class=\"kt-accordion-header-wrap\"><button class=\"kt-blocks-accordion-header kt-acccordion-button-label-show\" type=\"button\"><span class=\"kt-blocks-accordion-title-wrap\"><span class=\"kt-blocks-accordion-title\">Instrucciones para las ponencias <\/span><\/span><span class=\"kt-blocks-accordion-icon-trigger\"><\/span><\/button><\/div><div class=\"kt-accordion-panel kt-accordion-panel-hidden\"><div class=\"kt-accordion-panel-inner\">\n<p>Pronto disponibles<\/p>\n<\/div><\/div><\/div>\n<\/div><\/div><\/div>\n\n\n\n<div style=\"height:107px\" aria-hidden=\"true\" class=\"wp-block-spacer\"><\/div>\n<\/div>\n","protected":false},"excerpt":{"rendered":"<p>\u00daNETE AL CONGRESO Una vez pulse el bot\u00f3n ser\u00e1 redirigido al Centro de Formaci\u00f3n Permanente, rellene el formulario correspondiente.<\/p>\n","protected":false},"author":1,"featured_media":0,"parent":0,"menu_order":0,"comment_status":"closed","ping_status":"closed","template":"","meta":{"footnotes":""},"class_list":["post-73","page","type-page","status-publish","hentry"],"yoast_head":"<!-- This site is optimized with the Yoast SEO plugin v27.3 - https:\/\/yoast.com\/product\/yoast-seo-wordpress\/ -->\n<title>Inscripci\u00f3n - V Congreso de Generaci\u00f3n Espont\u00e1nea<\/title>\n<meta name=\"robots\" content=\"index, follow, max-snippet:-1, max-image-preview:large, max-video-preview:-1\" \/>\n<link rel=\"canonical\" href=\"https:\/\/congresogespon.webs.upv.es\/index.php\/inscripcion\/\" \/>\n<meta property=\"og:locale\" content=\"es_ES\" \/>\n<meta property=\"og:type\" content=\"article\" \/>\n<meta property=\"og:title\" content=\"Inscripci\u00f3n - V Congreso de Generaci\u00f3n Espont\u00e1nea\" \/>\n<meta property=\"og:description\" content=\"\u00daNETE AL CONGRESO Una vez pulse el bot\u00f3n ser\u00e1 redirigido al Centro de Formaci\u00f3n Permanente, rellene el formulario correspondiente.\" \/>\n<meta property=\"og:url\" content=\"https:\/\/congresogespon.webs.upv.es\/index.php\/inscripcion\/\" \/>\n<meta property=\"og:site_name\" content=\"V Congreso de Generaci\u00f3n Espont\u00e1nea\" \/>\n<meta property=\"article:modified_time\" content=\"2026-04-02T17:42:55+00:00\" \/>\n<meta name=\"twitter:card\" content=\"summary_large_image\" \/>\n<meta name=\"twitter:label1\" content=\"Tiempo de lectura\" \/>\n\t<meta name=\"twitter:data1\" content=\"1 minuto\" \/>\n<script type=\"application\/ld+json\" class=\"yoast-schema-graph\">{\"@context\":\"https:\\\/\\\/schema.org\",\"@graph\":[{\"@type\":\"WebPage\",\"@id\":\"https:\\\/\\\/congresogespon.webs.upv.es\\\/index.php\\\/inscripcion\\\/\",\"url\":\"https:\\\/\\\/congresogespon.webs.upv.es\\\/index.php\\\/inscripcion\\\/\",\"name\":\"Inscripci\u00f3n - V Congreso de Generaci\u00f3n Espont\u00e1nea\",\"isPartOf\":{\"@id\":\"https:\\\/\\\/congresogespon.webs.upv.es\\\/#website\"},\"datePublished\":\"2022-03-15T09:25:08+00:00\",\"dateModified\":\"2026-04-02T17:42:55+00:00\",\"breadcrumb\":{\"@id\":\"https:\\\/\\\/congresogespon.webs.upv.es\\\/index.php\\\/inscripcion\\\/#breadcrumb\"},\"inLanguage\":\"es\",\"potentialAction\":[{\"@type\":\"ReadAction\",\"target\":[\"https:\\\/\\\/congresogespon.webs.upv.es\\\/index.php\\\/inscripcion\\\/\"]}]},{\"@type\":\"BreadcrumbList\",\"@id\":\"https:\\\/\\\/congresogespon.webs.upv.es\\\/index.php\\\/inscripcion\\\/#breadcrumb\",\"itemListElement\":[{\"@type\":\"ListItem\",\"position\":1,\"name\":\"Portada\",\"item\":\"https:\\\/\\\/congresogespon.webs.upv.es\\\/\"},{\"@type\":\"ListItem\",\"position\":2,\"name\":\"Inscripci\u00f3n\"}]},{\"@type\":\"WebSite\",\"@id\":\"https:\\\/\\\/congresogespon.webs.upv.es\\\/#website\",\"url\":\"https:\\\/\\\/congresogespon.webs.upv.es\\\/\",\"name\":\"V Congreso de Generaci\u00f3n Espont\u00e1nea\",\"description\":\"Evento anual de talento donde los estudiantes de la UPV presentan sus proyectos de Generaci\u00f3n Espont\u00e1nea.\",\"publisher\":{\"@id\":\"https:\\\/\\\/congresogespon.webs.upv.es\\\/#organization\"},\"potentialAction\":[{\"@type\":\"SearchAction\",\"target\":{\"@type\":\"EntryPoint\",\"urlTemplate\":\"https:\\\/\\\/congresogespon.webs.upv.es\\\/?s={search_term_string}\"},\"query-input\":{\"@type\":\"PropertyValueSpecification\",\"valueRequired\":true,\"valueName\":\"search_term_string\"}}],\"inLanguage\":\"es\"},{\"@type\":\"Organization\",\"@id\":\"https:\\\/\\\/congresogespon.webs.upv.es\\\/#organization\",\"name\":\"V Congreso de Generaci\u00f3n Espont\u00e1nea\",\"url\":\"https:\\\/\\\/congresogespon.webs.upv.es\\\/\",\"logo\":{\"@type\":\"ImageObject\",\"inLanguage\":\"es\",\"@id\":\"https:\\\/\\\/congresogespon.webs.upv.es\\\/#\\\/schema\\\/logo\\\/image\\\/\",\"url\":\"https:\\\/\\\/congresogespon.webs.upv.es\\\/wp-content\\\/uploads\\\/2026\\\/03\\\/BRecurso-3.svg\",\"contentUrl\":\"https:\\\/\\\/congresogespon.webs.upv.es\\\/wp-content\\\/uploads\\\/2026\\\/03\\\/BRecurso-3.svg\",\"width\":203.27,\"height\":259.22,\"caption\":\"V  Congreso de Generaci\u00f3n Espont\u00e1nea\"},\"image\":{\"@id\":\"https:\\\/\\\/congresogespon.webs.upv.es\\\/#\\\/schema\\\/logo\\\/image\\\/\"}}]}<\/script>\n<!-- \/ Yoast SEO plugin. -->","yoast_head_json":{"title":"Inscripci\u00f3n - V Congreso de Generaci\u00f3n Espont\u00e1nea","robots":{"index":"index","follow":"follow","max-snippet":"max-snippet:-1","max-image-preview":"max-image-preview:large","max-video-preview":"max-video-preview:-1"},"canonical":"https:\/\/congresogespon.webs.upv.es\/index.php\/inscripcion\/","og_locale":"es_ES","og_type":"article","og_title":"Inscripci\u00f3n - V Congreso de Generaci\u00f3n Espont\u00e1nea","og_description":"\u00daNETE AL CONGRESO Una vez pulse el bot\u00f3n ser\u00e1 redirigido al Centro de Formaci\u00f3n Permanente, rellene el formulario correspondiente.","og_url":"https:\/\/congresogespon.webs.upv.es\/index.php\/inscripcion\/","og_site_name":"V Congreso de Generaci\u00f3n Espont\u00e1nea","article_modified_time":"2026-04-02T17:42:55+00:00","twitter_card":"summary_large_image","twitter_misc":{"Tiempo de lectura":"1 minuto"},"schema":{"@context":"https:\/\/schema.org","@graph":[{"@type":"WebPage","@id":"https:\/\/congresogespon.webs.upv.es\/index.php\/inscripcion\/","url":"https:\/\/congresogespon.webs.upv.es\/index.php\/inscripcion\/","name":"Inscripci\u00f3n - V Congreso de Generaci\u00f3n Espont\u00e1nea","isPartOf":{"@id":"https:\/\/congresogespon.webs.upv.es\/#website"},"datePublished":"2022-03-15T09:25:08+00:00","dateModified":"2026-04-02T17:42:55+00:00","breadcrumb":{"@id":"https:\/\/congresogespon.webs.upv.es\/index.php\/inscripcion\/#breadcrumb"},"inLanguage":"es","potentialAction":[{"@type":"ReadAction","target":["https:\/\/congresogespon.webs.upv.es\/index.php\/inscripcion\/"]}]},{"@type":"BreadcrumbList","@id":"https:\/\/congresogespon.webs.upv.es\/index.php\/inscripcion\/#breadcrumb","itemListElement":[{"@type":"ListItem","position":1,"name":"Portada","item":"https:\/\/congresogespon.webs.upv.es\/"},{"@type":"ListItem","position":2,"name":"Inscripci\u00f3n"}]},{"@type":"WebSite","@id":"https:\/\/congresogespon.webs.upv.es\/#website","url":"https:\/\/congresogespon.webs.upv.es\/","name":"V Congreso de Generaci\u00f3n Espont\u00e1nea","description":"Evento anual de talento donde los estudiantes de la UPV presentan sus proyectos de Generaci\u00f3n Espont\u00e1nea.","publisher":{"@id":"https:\/\/congresogespon.webs.upv.es\/#organization"},"potentialAction":[{"@type":"SearchAction","target":{"@type":"EntryPoint","urlTemplate":"https:\/\/congresogespon.webs.upv.es\/?s={search_term_string}"},"query-input":{"@type":"PropertyValueSpecification","valueRequired":true,"valueName":"search_term_string"}}],"inLanguage":"es"},{"@type":"Organization","@id":"https:\/\/congresogespon.webs.upv.es\/#organization","name":"V Congreso de Generaci\u00f3n Espont\u00e1nea","url":"https:\/\/congresogespon.webs.upv.es\/","logo":{"@type":"ImageObject","inLanguage":"es","@id":"https:\/\/congresogespon.webs.upv.es\/#\/schema\/logo\/image\/","url":"https:\/\/congresogespon.webs.upv.es\/wp-content\/uploads\/2026\/03\/BRecurso-3.svg","contentUrl":"https:\/\/congresogespon.webs.upv.es\/wp-content\/uploads\/2026\/03\/BRecurso-3.svg","width":203.27,"height":259.22,"caption":"V  Congreso de Generaci\u00f3n Espont\u00e1nea"},"image":{"@id":"https:\/\/congresogespon.webs.upv.es\/#\/schema\/logo\/image\/"}}]}},"_links":{"self":[{"href":"https:\/\/congresogespon.webs.upv.es\/index.php\/wp-json\/wp\/v2\/pages\/73","targetHints":{"allow":["GET"]}}],"collection":[{"href":"https:\/\/congresogespon.webs.upv.es\/index.php\/wp-json\/wp\/v2\/pages"}],"about":[{"href":"https:\/\/congresogespon.webs.upv.es\/index.php\/wp-json\/wp\/v2\/types\/page"}],"author":[{"embeddable":true,"href":"https:\/\/congresogespon.webs.upv.es\/index.php\/wp-json\/wp\/v2\/users\/1"}],"replies":[{"embeddable":true,"href":"https:\/\/congresogespon.webs.upv.es\/index.php\/wp-json\/wp\/v2\/comments?post=73"}],"version-history":[{"count":45,"href":"https:\/\/congresogespon.webs.upv.es\/index.php\/wp-json\/wp\/v2\/pages\/73\/revisions"}],"predecessor-version":[{"id":1678,"href":"https:\/\/congresogespon.webs.upv.es\/index.php\/wp-json\/wp\/v2\/pages\/73\/revisions\/1678"}],"wp:attachment":[{"href":"https:\/\/congresogespon.webs.upv.es\/index.php\/wp-json\/wp\/v2\/media?parent=73"}],"curies":[{"name":"wp","href":"https:\/\/api.w.org\/{rel}","templated":true}]}}